{"id":1905,"date":"2023-06-08T09:18:51","date_gmt":"2023-06-08T09:18:51","guid":{"rendered":"https:\/\/chantalblanco.cat\/discapacitats\/"},"modified":"2025-03-28T13:22:09","modified_gmt":"2025-03-28T13:22:09","slug":"discapacitats","status":"publish","type":"page","link":"https:\/\/chantalblanco.cat\/ca\/discapacitats\/","title":{"rendered":"Discapacitats"},"content":{"rendered":"<p>[et_pb_section fb_built=&#8221;1&#8243; disabled_on=&#8221;on|on|off&#8221; _builder_version=&#8221;4.20.4&#8243; _module_preset=&#8221;default&#8221; custom_margin=&#8221;60px||||false|false&#8221; global_colors_info=&#8221;{}&#8221;][et_pb_row column_structure=&#8221;1_2,1_2&#8243; _builder_version=&#8221;4.20.4&#8243; _module_preset=&#8221;default&#8221; width=&#8221;100%&#8221; global_colors_info=&#8221;{}&#8221;][et_pb_column type=&#8221;1_2&#8243; _builder_version=&#8221;4.20.4&#8243; _module_preset=&#8221;default&#8221; global_colors_info=&#8221;{}&#8221;][et_pb_text _builder_version=&#8221;4.21.0&#8243; _module_preset=&#8221;default&#8221; header_2_font_size=&#8221;45px&#8221; width=&#8221;79%&#8221; custom_margin=&#8221;60px|||120px|false|false&#8221; hover_enabled=&#8221;0&#8243; global_colors_info=&#8221;{}&#8221; sticky_enabled=&#8221;0&#8243;]<strong>SERVEIS QUE OFEREIXO<\/strong><\/p>\n<h1 style=\"font-size: 35px;\">Ter\u00e0pia per a persones amb discapacitat intel\u00b7lectual<\/h1>\n<p>&nbsp;<\/p>\n<p>Porto 25 anys atenent persones amb discapacitat i sempre m&#8217;he centrat en ajudar els meus pacients a millorar el seu benestar emocional i la seva qualitat de vida. La clau est\u00e0 en potenciar les seves habilitats i, al mateix temps, oferir les estrat\u00e8gies de millora i els suports necessaris per compensar all\u00f2 en qu\u00e8 tenen m\u00e9s dificultats.<\/p>\n<p>La meva traject\u00f2ria professional m&#8217;ha portat a treballar amb persones amb tot tipus de discapacitat, ja sigui f\u00edsica, sensorial i\/o cognitiva o intel\u00b7lectual. Aquesta experi\u00e8ncia, al llarg dels anys, m&#8217;ha perm\u00e8s aprendre amb ells a adaptar el meu llenguatge i les estrat\u00e8gies d&#8217;intervenci\u00f3. Empatitzo r\u00e0pidament amb les seves necessitats i inquietuds i aix\u00f2 em ajuda a definir millor el pla d&#8217;intervenci\u00f3 m\u00e9s adequat.[\/et_pb_text][\/et_pb_column][et_pb_column type=&#8221;1_2&#8243; _builder_version=&#8221;4.20.4&#8243; _module_preset=&#8221;default&#8221; global_colors_info=&#8221;{}&#8221;][et_pb_image src=&#8221;https:\/\/chantalblanco.cat\/wp-content\/uploads\/2023\/06\/TERAPIA-CON-DISCAPACIDAD.jpg&#8221; alt=&#8221;Ter\u00e0pia per a persones amb discapacitat intel\u00b7lectual&#8221; title_text=&#8221;TER\u00c0PIA AMB DISCAPACITAT&#8221; _builder_version=&#8221;4.21.0&#8243; _module_preset=&#8221;default&#8221; width=&#8221;100%&#8221; max_width=&#8221;100%&#8221; custom_margin=&#8221;-30px||||false|false&#8221; global_colors_info=&#8221;{}&#8221;][\/et_pb_image][et_pb_image src=&#8221;https:\/\/chantalblanco.cat\/wp-content\/uploads\/2023\/07\/icon-discap-verd.svg&#8221; title_text=&#8221;icon-discap-verd&#8221; _builder_version=&#8221;4.21.0&#8243; _module_preset=&#8221;default&#8221; positioning=&#8221;relative&#8221; vertical_offset=&#8221;-95px&#8221; horizontal_offset=&#8221;198px&#8221; custom_margin=&#8221;|0px||0px|false|false&#8221; custom_padding=&#8221;|0px||0px|false|false&#8221; custom_css_main_element=&#8221;width:200px;&#8221; global_colors_info=&#8221;{}&#8221;][\/et_pb_image][\/et_pb_column][\/et_pb_row][\/et_pb_section][et_pb_section fb_built=&#8221;1&#8243; disabled_on=&#8221;off|off|on&#8221; _builder_version=&#8221;4.20.4&#8243; _module_preset=&#8221;default&#8221; custom_margin=&#8221;-140px||||false|false&#8221; global_colors_info=&#8221;{}&#8221;][et_pb_row column_structure=&#8221;1_2,1_2&#8243; _builder_version=&#8221;4.20.4&#8243; _module_preset=&#8221;default&#8221; positioning=&#8221;none&#8221; width=&#8221;100%&#8221; custom_margin=&#8221;70px||-80px||false|false&#8221; custom_css_main_element=&#8221;display:flex;||flex-direction:column;||align-items: center;&#8221; global_colors_info=&#8221;{}&#8221;][et_pb_column type=&#8221;1_2&#8243; _builder_version=&#8221;4.20.4&#8243; _module_preset=&#8221;default&#8221; global_colors_info=&#8221;{}&#8221;][et_pb_text _builder_version=&#8221;4.21.0&#8243; _module_preset=&#8221;default&#8221; header_2_font_size=&#8221;50px&#8221; text_orientation=&#8221;center&#8221; width=&#8221;100%&#8221; custom_margin=&#8221;60px||||false|false&#8221; custom_padding=&#8221;|10px||10px|false|true&#8221; hover_enabled=&#8221;0&#8243; global_colors_info=&#8221;{}&#8221; sticky_enabled=&#8221;0&#8243;]<strong>SERVEIS QUE OFEREIXO<\/strong><\/p>\n<h1 style=\"font-size: 25pt;\">Ter\u00e0pia per a persones amb discapacitat intel\u00b7lectual<\/h1>\n<p>&nbsp;<\/p>\n<p>Porto 25 anys atenent persones amb discapacitat i sempre m&#8217;he centrat en ajudar els meus pacients a millorar el seu benestar emocional i la seva qualitat de vida. La clau est\u00e0 en potenciar les seves habilitats i, al mateix temps, oferir les estrat\u00e8gies de millora i els suports necessaris per compensar all\u00f2 en qu\u00e8 tenen m\u00e9s dificultats.<\/p>\n<p>La meva traject\u00f2ria professional m&#8217;ha portat a treballar amb persones amb tot tipus de discapacitat, ja sigui f\u00edsica, sensorial i\/o cognitiva o intel\u00b7lectual. Aquesta experi\u00e8ncia, al llarg dels anys, m&#8217;ha perm\u00e8s aprendre amb ells a adaptar el meu llenguatge i les estrat\u00e8gies d&#8217;intervenci\u00f3. Empatitzo r\u00e0pidament amb les seves necessitats i inquietuds i aix\u00f2 em ajuda a definir millor el pla<br \/>\nd&#8217;intervenci\u00f3 m\u00e9s adequat.<\/p>\n<p><span><\/span><\/p>\n<p><span><\/span><\/p>\n<p><span><\/span><\/p>\n<p><span><\/span>[\/et_pb_text][\/et_pb_column][et_pb_column type=&#8221;1_2&#8243; _builder_version=&#8221;4.20.4&#8243; _module_preset=&#8221;default&#8221; global_colors_info=&#8221;{}&#8221;][et_pb_image src=&#8221;https:\/\/chantalblanco.cat\/wp-content\/uploads\/2023\/06\/TERAPIA-CON-DISCAPACIDAD.jpg&#8221; alt=&#8221;Ter\u00e0pia per a persones amb discapacitat intel\u00b7lectual&#8221; title_text=&#8221;TER\u00c0PIA AMB DISCAPACITAT&#8221; _builder_version=&#8221;4.21.0&#8243; _module_preset=&#8221;default&#8221; custom_margin=&#8221;-30px||||false|false&#8221; custom_css_main_element=&#8221;display:grid;||place-items:center;&#8221; global_colors_info=&#8221;{}&#8221;][\/et_pb_image][et_pb_image src=&#8221;https:\/\/chantalblanco.cat\/wp-content\/uploads\/2023\/08\/discap.png&#8221; title_text=&#8221;discap&#8221; align=&#8221;center&#8221; _builder_version=&#8221;4.21.0&#8243; _module_preset=&#8221;default&#8221; vertical_offset=&#8221;-85px&#8221; horizontal_offset=&#8221;110px&#8221; max_width=&#8221;160px&#8221; custom_margin=&#8221;-70px||||false|false&#8221; custom_padding=&#8221;||||false|false&#8221; custom_css_main_element=&#8221;width:200px;&#8221; global_colors_info=&#8221;{}&#8221;][\/et_pb_image][\/et_pb_column][\/et_pb_row][\/et_pb_section][et_pb_section fb_built=&#8221;1&#8243; disabled_on=&#8221;off|off|off&#8221; _builder_version=&#8221;4.21.0&#8243; _module_preset=&#8221;default&#8221; module_alignment=&#8221;center&#8221; custom_margin=&#8221;10px||0px||false|false&#8221; custom_padding=&#8221;||||false|false&#8221; custom_css_main_element=&#8221;text-align:center!important;&#8221; locked=&#8221;off&#8221; global_colors_info=&#8221;{}&#8221;][et_pb_row _builder_version=&#8221;4.20.4&#8243; _module_preset=&#8221;default&#8221; custom_margin=&#8221;110px||0px||false|false&#8221; global_colors_info=&#8221;{}&#8221;][et_pb_column type=&#8221;4_4&#8243; _builder_version=&#8221;4.20.4&#8243; _module_preset=&#8221;default&#8221; global_colors_info=&#8221;{}&#8221;][et_pb_text _builder_version=&#8221;4.20.4&#8243; _module_preset=&#8221;default&#8221; text_font=&#8221;|||on|||||&#8221; text_text_color=&#8221;#e4cbca&#8221; text_letter_spacing=&#8221;1px&#8221; header_2_font=&#8221;|600||on|||||&#8221; header_2_text_align=&#8221;center&#8221; header_2_font_size=&#8221;22px&#8221; text_orientation=&#8221;right&#8221; custom_margin=&#8221;|0px|0px|0px|false|false&#8221; custom_css_main_element=&#8221;margin: 0 auto;&#8221; global_colors_info=&#8221;{}&#8221;]<\/p>\n<h2> Alguns dels temes principals tractats en consulta s\u00f3n:<\/h2>\n<p>&nbsp;<\/p>\n<p>&nbsp;[\/et_pb_text][\/et_pb_column][\/et_pb_row][\/et_pb_section][et_pb_section fb_built=&#8221;1&#8243; disabled_on=&#8221;off|off|off&#8221; _builder_version=&#8221;4.21.0&#8243; _module_preset=&#8221;default&#8221; background_color=&#8221;#DCEEEC&#8221; vertical_offset=&#8221;0px&#8221; horizontal_offset=&#8221;0px&#8221; custom_margin=&#8221;0px||140px||false|false&#8221; custom_margin_tablet=&#8221;-50px||140px||false|false&#8221; custom_margin_phone=&#8221;-50px||140px||false|false&#8221; custom_margin_last_edited=&#8221;on|tablet&#8221; custom_padding=&#8221;0px||0px||false|false&#8221; locked=&#8221;off&#8221; global_colors_info=&#8221;{}&#8221;][et_pb_row column_structure=&#8221;1_3,1_3,1_3&#8243; _builder_version=&#8221;4.20.4&#8243; _module_preset=&#8221;default&#8221; width=&#8221;100%&#8221; custom_margin=&#8221;0px||-50px||false|false&#8221; custom_padding=&#8221;80px||80px|10px|false|false&#8221; global_colors_info=&#8221;{}&#8221;][et_pb_column type=&#8221;1_3&#8243; _builder_version=&#8221;4.20.4&#8243; _module_preset=&#8221;default&#8221; global_colors_info=&#8221;{}&#8221;][et_pb_text _builder_version=&#8221;4.21.0&#8243; _module_preset=&#8221;default&#8221; text_font=&#8221;|600|||||||&#8221; text_text_color=&#8221;#000000&#8243; header_2_font=&#8221;|800|||||||&#8221; header_3_text_color=&#8221;#80BBB4&#8243; width=&#8221;85%&#8221; module_alignment=&#8221;center&#8221; custom_margin=&#8221;0px|0px|0px|0px|false|false&#8221; custom_padding=&#8221;0px|60px|0px|0px|false|false&#8221; custom_padding_tablet=&#8221;0px|0px|0px|0px|false|false&#8221; custom_padding_phone=&#8221;0px|0px|0px|0px|false|false&#8221; custom_padding_last_edited=&#8221;on|tablet&#8221; header_3_text_align_tablet=&#8221;center&#8221; header_3_text_align_phone=&#8221;center&#8221; header_3_text_align_last_edited=&#8221;on|tablet&#8221; text_orientation_tablet=&#8221;center&#8221; text_orientation_phone=&#8221;center&#8221; text_orientation_last_edited=&#8221;on|phone&#8221; global_colors_info=&#8221;{}&#8221;]<\/p>\n<h3><span style=\"font-weight: 400;\"><b>Ajustament emocional<\/b><\/span><\/h3>\n<p><span style=\"font-weight: 400;\"><\/span><\/p>\n<p><span style=\"font-weight: 400;\"><\/span><\/p>\n<p><span style=\"font-weight: 400;\">ajudar les persones amb discapacitat a fer front als reptes emocionals com la frustraci\u00f3, la tristesa, l&#8217;ansietat o la depressi\u00f3. Treballem en el desenvolupament d&#8217;estrat\u00e8gies efectives per gestionar i regular les emocions.<\/span><\/p>\n<p>[\/et_pb_text][\/et_pb_column][et_pb_column type=&#8221;1_3&#8243; _builder_version=&#8221;4.20.4&#8243; _module_preset=&#8221;default&#8221; global_colors_info=&#8221;{}&#8221;][et_pb_text _builder_version=&#8221;4.21.0&#8243; _module_preset=&#8221;default&#8221; text_font=&#8221;|600|||||||&#8221; text_text_color=&#8221;#000000&#8243; header_2_font=&#8221;|800|||||||&#8221; header_3_text_color=&#8221;#80BBB4&#8243; width=&#8221;85%&#8221; module_alignment=&#8221;center&#8221; custom_margin=&#8221;0px|0px|0px|0px|false|false&#8221; custom_margin_tablet=&#8221;40px|0px|0px|0px|false|false&#8221; custom_margin_phone=&#8221;40px|0px|0px|0px|false|false&#8221; custom_margin_last_edited=&#8221;on|tablet&#8221; custom_padding=&#8221;0px|60px|0px|0px|false|false&#8221; custom_padding_tablet=&#8221;|0px|||false|false&#8221; custom_padding_phone=&#8221;|0px|||false|false&#8221; custom_padding_last_edited=&#8221;on|tablet&#8221; text_orientation_tablet=&#8221;center&#8221; text_orientation_phone=&#8221;center&#8221; text_orientation_last_edited=&#8221;on|tablet&#8221; global_colors_info=&#8221;{}&#8221; custom_margin__hover_enabled=&#8221;off|desktop&#8221;]<\/p>\n<h3><span style=\"font-weight: 400;\"><b>Autoestima i acceptaci\u00f3 personal<\/b><\/span><\/h3>\n<p><span style=\"font-weight: 400;\"><\/span><\/p>\n<p><span style=\"font-weight: 400;\"><\/span><\/p>\n<p><span style=\"font-weight: 400;\">\u00e9s important fomentar la confian\u00e7a i l&#8217;amor propi, ajudant-los a recon\u00e8ixer la seva v\u00e0lua i habilitats \u00faniques Treballo en l&#8217;acceptaci\u00f3 personal i en com desenvolupar una imatge positiva d&#8217;ells mateixos.<\/span><\/p>\n<p>[\/et_pb_text][\/et_pb_column][et_pb_column type=&#8221;1_3&#8243; _builder_version=&#8221;4.20.4&#8243; _module_preset=&#8221;default&#8221; global_colors_info=&#8221;{}&#8221;][et_pb_text _builder_version=&#8221;4.21.0&#8243; _module_preset=&#8221;default&#8221; text_font=&#8221;|600|||||||&#8221; text_text_color=&#8221;#000000&#8243; header_2_font=&#8221;|800|||||||&#8221; header_3_text_color=&#8221;#80BBB4&#8243; width=&#8221;85%&#8221; module_alignment=&#8221;center&#8221; custom_margin=&#8221;0px|0px|0px|0px|false|false&#8221; custom_margin_tablet=&#8221;40px|0px|0px|0px|false|false&#8221; custom_margin_phone=&#8221;40px|0px|0px|0px|false|false&#8221; custom_margin_last_edited=&#8221;on|tablet&#8221; custom_padding=&#8221;0px|60px|0px|0px|false|false&#8221; custom_padding_tablet=&#8221;|0px|||false|false&#8221; custom_padding_phone=&#8221;|0px|||false|false&#8221; custom_padding_last_edited=&#8221;on|tablet&#8221; text_orientation_tablet=&#8221;center&#8221; text_orientation_phone=&#8221;center&#8221; text_orientation_last_edited=&#8221;on|tablet&#8221; global_colors_info=&#8221;{}&#8221;]<\/p>\n<h3>Superaci\u00f3 d&#8217;obstacles<\/h3>\n<p><span style=\"font-weight: 400;\"><\/span><br \/><span style=\"font-weight: 400;\">fer front a una discapacitat suposa un proc\u00e9s<br \/>d&#8217;adaptaci\u00f3 i aprenentatge constant a l&#8217;hora de superar obstacles que la persona va trobant al llarg de les diferents etapes de la seva vida. Dono suport i acompanyo els meus<br \/>pacients en aquest proc\u00e9s ensenyant-los estrat\u00e8gies d&#8217;afrontament, establint conjuntament metes realistes i desenvolupant resili\u00e8ncia.<\/span><\/p>\n<p>[\/et_pb_text][\/et_pb_column][\/et_pb_row][et_pb_row column_structure=&#8221;1_3,1_3,1_3&#8243; _builder_version=&#8221;4.20.4&#8243; _module_preset=&#8221;default&#8221; width=&#8221;100%&#8221; custom_margin=&#8221;0px||-50px||false|false&#8221; custom_padding=&#8221;80px||80px|10px|false|false&#8221; global_colors_info=&#8221;{}&#8221;][et_pb_column type=&#8221;1_3&#8243; _builder_version=&#8221;4.20.4&#8243; _module_preset=&#8221;default&#8221; global_colors_info=&#8221;{}&#8221;][et_pb_text _builder_version=&#8221;4.21.0&#8243; _module_preset=&#8221;default&#8221; text_font=&#8221;|600|||||||&#8221; text_text_color=&#8221;#000000&#8243; header_2_font=&#8221;|800|||||||&#8221; header_3_text_color=&#8221;#80BBB4&#8243; width=&#8221;85%&#8221; module_alignment=&#8221;center&#8221; custom_margin=&#8221;0px|0px|0px|0px|false|false&#8221; custom_margin_tablet=&#8221;-50px|0px|0px|0px|false|false&#8221; custom_margin_phone=&#8221;-50px|0px|0px|0px|false|false&#8221; custom_margin_last_edited=&#8221;on|tablet&#8221; custom_padding=&#8221;0px|0px|0px|0px|false|false&#8221; text_orientation_tablet=&#8221;center&#8221; text_orientation_phone=&#8221;center&#8221; text_orientation_last_edited=&#8221;on|tablet&#8221; global_colors_info=&#8221;{}&#8221;]<\/p>\n<h3><span style=\"font-weight: 400;\"><b>Relacions interpersonals<\/b><\/span><\/h3>\n<p><span style=\"font-weight: 400;\"><b><\/b><\/span><\/p>\n<p><span style=\"font-weight: 400;\"><\/span><\/p>\n<p><span style=\"font-weight: 400;\">explorem les relacions amb familiars, amics i companys i reforcem les seves habilitats socials. Treballem a les sessions per<br \/>millorar la comunicaci\u00f3, establir l\u00edmits saludables i desenvolupar xarxes de suport per a la persona.<\/span><\/p>\n<p>[\/et_pb_text][\/et_pb_column][et_pb_column type=&#8221;1_3&#8243; _builder_version=&#8221;4.20.4&#8243; _module_preset=&#8221;default&#8221; global_colors_info=&#8221;{}&#8221;][et_pb_text _builder_version=&#8221;4.21.0&#8243; _module_preset=&#8221;default&#8221; text_font=&#8221;|600|||||||&#8221; text_text_color=&#8221;#000000&#8243; header_2_font=&#8221;|800|||||||&#8221; header_3_text_color=&#8221;#80BBB4&#8243; width=&#8221;85%&#8221; module_alignment=&#8221;center&#8221; custom_margin=&#8221;0px|0px|0px|0px|false|false&#8221; custom_margin_tablet=&#8221;40px|0px|0px|0px|false|false&#8221; custom_margin_phone=&#8221;40px|0px|0px|0px|false|false&#8221; custom_margin_last_edited=&#8221;on|tablet&#8221; custom_padding=&#8221;0px|60px|0px|0px|false|false&#8221; custom_padding_tablet=&#8221;|0px|||false|false&#8221; custom_padding_phone=&#8221;|0px|||false|false&#8221; custom_padding_last_edited=&#8221;on|tablet&#8221; text_orientation_tablet=&#8221;center&#8221; text_orientation_phone=&#8221;center&#8221; text_orientation_last_edited=&#8221;on|tablet&#8221; global_colors_info=&#8221;{}&#8221;]<\/p>\n<h3><span style=\"font-weight: 400;\"><b>Planificaci\u00f3 de futur<\/b><\/span><\/h3>\n<p><span style=\"font-weight: 400;\"><\/span><\/p>\n<p><span style=\"font-weight: 400;\"><\/span><\/p>\n<p><span style=\"font-weight: 400;\">ajudo les persones amb discapacitat a identificar metes realistes i a desenvolupar un pla per aconseguir-les. Treballo en tots els plans educatius, vocacionals, laborals i de vida independent, adaptada a les capacitats i metes individuals de la persona.<\/span><\/p>\n<p>[\/et_pb_text][\/et_pb_column][et_pb_column type=&#8221;1_3&#8243; _builder_version=&#8221;4.20.4&#8243; _module_preset=&#8221;default&#8221; global_colors_info=&#8221;{}&#8221;][\/et_pb_column][\/et_pb_row][\/et_pb_section][et_pb_section fb_built=&#8221;1&#8243; disabled_on=&#8221;off|off|off&#8221; _builder_version=&#8221;4.21.0&#8243; _module_preset=&#8221;default&#8221; module_alignment=&#8221;center&#8221; custom_margin=&#8221;10px||0px||false|false&#8221; custom_padding=&#8221;||||false|false&#8221; custom_css_main_element=&#8221;text-align:center!important;&#8221; locked=&#8221;off&#8221; global_colors_info=&#8221;{}&#8221;][et_pb_row _builder_version=&#8221;4.20.4&#8243; _module_preset=&#8221;default&#8221; custom_margin=&#8221;110px||0px||false|false&#8221; global_colors_info=&#8221;{}&#8221;][et_pb_column type=&#8221;4_4&#8243; _builder_version=&#8221;4.20.4&#8243; _module_preset=&#8221;default&#8221; global_colors_info=&#8221;{}&#8221;][et_pb_text _builder_version=&#8221;4.20.4&#8243; _module_preset=&#8221;default&#8221; text_font=&#8221;|||on|||||&#8221; text_text_color=&#8221;#e4cbca&#8221; text_letter_spacing=&#8221;1px&#8221; header_2_font=&#8221;|600||on|||||&#8221; header_2_text_align=&#8221;center&#8221; header_2_font_size=&#8221;22px&#8221; header_4_text_align=&#8221;center&#8221; header_4_text_color=&#8221;#80BBB4&#8243; header_4_line_height=&#8221;1.6em&#8221; text_orientation=&#8221;right&#8221; custom_margin=&#8221;|0px|0px|0px|false|false&#8221; custom_css_main_element=&#8221;margin: 0 auto;&#8221; global_colors_info=&#8221;{}&#8221;]<\/p>\n<h4>Aquestes s\u00f3n nom\u00e9s algunes de les problem\u00e0tiques que m\u00e9s abordo en consulta. Si no trobes<br \/>aqu\u00ed la problem\u00e0tica espec\u00edfica que est\u00e0s enfrontant, no et preocupis, treballo altres que no<br \/>per no estar aqu\u00ed s\u00f3n menys comunes. Escriu-me i en parlem. Cada persona i situaci\u00f3<br \/>s\u00f3n \u00faniques i podem analitzar-ho conjuntament.<\/h4>\n<p>[\/et_pb_text][\/et_pb_column][\/et_pb_row][\/et_pb_section]<\/p>\n","protected":false},"excerpt":{"rendered":"<p>SERVEIS QUE OFEREIXO Ter\u00e0pia per a persones amb discapacitat intel\u00b7lectual &nbsp; Porto 25 anys atenent persones amb discapacitat i sempre m&#8217;he centrat en ajudar els meus pacients a millorar el seu benestar emocional i la seva qualitat de vida. La clau est\u00e0 en potenciar les seves habilitats i, al mateix temps, oferir les estrat\u00e8gies de [&hellip;]<\/p>\n","protected":false},"author":1,"featured_media":0,"parent":0,"menu_order":0,"comment_status":"closed","ping_status":"closed","template":"","meta":{"_et_pb_use_builder":"on","_et_pb_old_content":"","_et_gb_content_width":"","inline_featured_image":false,"footnotes":""},"class_list":["post-1905","page","type-page","status-publish","hentry"],"yoast_head":"<!-- This site is optimized with the Yoast SEO plugin v27.2 - https:\/\/yoast.com\/product\/yoast-seo-wordpress\/ -->\n<title>Ter\u00e0pia psicol\u00f2gica per a persones amb discapacitat intel\u00b7lectual - Chantal Blanco<\/title>\n<meta name=\"description\" content=\"Ofereixo ter\u00e0pia especialitzada per a persones amb discapacitat intel\u00b7lectual, adaptada a les seves necessitats emocionals i cognitives.\" \/>\n<meta name=\"robots\" content=\"index, follow, max-snippet:-1, max-image-preview:large, max-video-preview:-1\" \/>\n<link rel=\"canonical\" href=\"https:\/\/chantalblanco.cat\/ca\/discapacitats\/\" \/>\n<meta property=\"og:locale\" content=\"ca_ES\" \/>\n<meta property=\"og:type\" content=\"article\" \/>\n<meta property=\"og:title\" content=\"Ter\u00e0pia psicol\u00f2gica per a persones amb discapacitat intel\u00b7lectual - Chantal Blanco\" \/>\n<meta property=\"og:description\" content=\"Ofereixo ter\u00e0pia especialitzada per a persones amb discapacitat intel\u00b7lectual, adaptada a les seves necessitats emocionals i cognitives.\" \/>\n<meta property=\"og:url\" content=\"https:\/\/chantalblanco.cat\/ca\/discapacitats\/\" \/>\n<meta property=\"og:site_name\" content=\"Chantal Blanco\" \/>\n<meta property=\"article:modified_time\" content=\"2025-03-28T13:22:09+00:00\" \/>\n<meta name=\"twitter:card\" content=\"summary_large_image\" \/>\n<meta name=\"twitter:label1\" content=\"Temps estimat de lectura\" \/>\n\t<meta name=\"twitter:data1\" content=\"4 minuts\" \/>\n<script type=\"application\/ld+json\" class=\"yoast-schema-graph\">{\"@context\":\"https:\/\/schema.org\",\"@graph\":[{\"@type\":\"WebPage\",\"@id\":\"https:\/\/chantalblanco.cat\/ca\/discapacitats\/\",\"url\":\"https:\/\/chantalblanco.cat\/ca\/discapacitats\/\",\"name\":\"Ter\u00e0pia psicol\u00f2gica per a persones amb discapacitat intel\u00b7lectual - Chantal Blanco\",\"isPartOf\":{\"@id\":\"https:\/\/chantalblanco.cat\/ca\/#website\"},\"datePublished\":\"2023-06-08T09:18:51+00:00\",\"dateModified\":\"2025-03-28T13:22:09+00:00\",\"description\":\"Ofereixo ter\u00e0pia especialitzada per a persones amb discapacitat intel\u00b7lectual, adaptada a les seves necessitats emocionals i cognitives.\",\"breadcrumb\":{\"@id\":\"https:\/\/chantalblanco.cat\/ca\/discapacitats\/#breadcrumb\"},\"inLanguage\":\"ca\",\"potentialAction\":[{\"@type\":\"ReadAction\",\"target\":[\"https:\/\/chantalblanco.cat\/ca\/discapacitats\/\"]}]},{\"@type\":\"BreadcrumbList\",\"@id\":\"https:\/\/chantalblanco.cat\/ca\/discapacitats\/#breadcrumb\",\"itemListElement\":[{\"@type\":\"ListItem\",\"position\":1,\"name\":\"Portada\",\"item\":\"https:\/\/chantalblanco.cat\/ca\/\"},{\"@type\":\"ListItem\",\"position\":2,\"name\":\"Discapacitats\"}]},{\"@type\":\"WebSite\",\"@id\":\"https:\/\/chantalblanco.cat\/ca\/#website\",\"url\":\"https:\/\/chantalblanco.cat\/ca\/\",\"name\":\"Chantal Blanco\",\"description\":\"Terapia Breve Estrat\u00e9gica\",\"potentialAction\":[{\"@type\":\"SearchAction\",\"target\":{\"@type\":\"EntryPoint\",\"urlTemplate\":\"https:\/\/chantalblanco.cat\/ca\/?s={search_term_string}\"},\"query-input\":{\"@type\":\"PropertyValueSpecification\",\"valueRequired\":true,\"valueName\":\"search_term_string\"}}],\"inLanguage\":\"ca\"}]}<\/script>\n<!-- \/ Yoast SEO plugin. -->","yoast_head_json":{"title":"Ter\u00e0pia psicol\u00f2gica per a persones amb discapacitat intel\u00b7lectual - Chantal Blanco","description":"Ofereixo ter\u00e0pia especialitzada per a persones amb discapacitat intel\u00b7lectual, adaptada a les seves necessitats emocionals i cognitives.","robots":{"index":"index","follow":"follow","max-snippet":"max-snippet:-1","max-image-preview":"max-image-preview:large","max-video-preview":"max-video-preview:-1"},"canonical":"https:\/\/chantalblanco.cat\/ca\/discapacitats\/","og_locale":"ca_ES","og_type":"article","og_title":"Ter\u00e0pia psicol\u00f2gica per a persones amb discapacitat intel\u00b7lectual - Chantal Blanco","og_description":"Ofereixo ter\u00e0pia especialitzada per a persones amb discapacitat intel\u00b7lectual, adaptada a les seves necessitats emocionals i cognitives.","og_url":"https:\/\/chantalblanco.cat\/ca\/discapacitats\/","og_site_name":"Chantal Blanco","article_modified_time":"2025-03-28T13:22:09+00:00","twitter_card":"summary_large_image","twitter_misc":{"Temps estimat de lectura":"4 minuts"},"schema":{"@context":"https:\/\/schema.org","@graph":[{"@type":"WebPage","@id":"https:\/\/chantalblanco.cat\/ca\/discapacitats\/","url":"https:\/\/chantalblanco.cat\/ca\/discapacitats\/","name":"Ter\u00e0pia psicol\u00f2gica per a persones amb discapacitat intel\u00b7lectual - Chantal Blanco","isPartOf":{"@id":"https:\/\/chantalblanco.cat\/ca\/#website"},"datePublished":"2023-06-08T09:18:51+00:00","dateModified":"2025-03-28T13:22:09+00:00","description":"Ofereixo ter\u00e0pia especialitzada per a persones amb discapacitat intel\u00b7lectual, adaptada a les seves necessitats emocionals i cognitives.","breadcrumb":{"@id":"https:\/\/chantalblanco.cat\/ca\/discapacitats\/#breadcrumb"},"inLanguage":"ca","potentialAction":[{"@type":"ReadAction","target":["https:\/\/chantalblanco.cat\/ca\/discapacitats\/"]}]},{"@type":"BreadcrumbList","@id":"https:\/\/chantalblanco.cat\/ca\/discapacitats\/#breadcrumb","itemListElement":[{"@type":"ListItem","position":1,"name":"Portada","item":"https:\/\/chantalblanco.cat\/ca\/"},{"@type":"ListItem","position":2,"name":"Discapacitats"}]},{"@type":"WebSite","@id":"https:\/\/chantalblanco.cat\/ca\/#website","url":"https:\/\/chantalblanco.cat\/ca\/","name":"Chantal Blanco","description":"Terapia Breve Estrat\u00e9gica","potentialAction":[{"@type":"SearchAction","target":{"@type":"EntryPoint","urlTemplate":"https:\/\/chantalblanco.cat\/ca\/?s={search_term_string}"},"query-input":{"@type":"PropertyValueSpecification","valueRequired":true,"valueName":"search_term_string"}}],"inLanguage":"ca"}]}},"_links":{"self":[{"href":"https:\/\/chantalblanco.cat\/ca\/wp-json\/wp\/v2\/pages\/1905","targetHints":{"allow":["GET"]}}],"collection":[{"href":"https:\/\/chantalblanco.cat\/ca\/wp-json\/wp\/v2\/pages"}],"about":[{"href":"https:\/\/chantalblanco.cat\/ca\/wp-json\/wp\/v2\/types\/page"}],"author":[{"embeddable":true,"href":"https:\/\/chantalblanco.cat\/ca\/wp-json\/wp\/v2\/users\/1"}],"replies":[{"embeddable":true,"href":"https:\/\/chantalblanco.cat\/ca\/wp-json\/wp\/v2\/comments?post=1905"}],"version-history":[{"count":7,"href":"https:\/\/chantalblanco.cat\/ca\/wp-json\/wp\/v2\/pages\/1905\/revisions"}],"predecessor-version":[{"id":3694,"href":"https:\/\/chantalblanco.cat\/ca\/wp-json\/wp\/v2\/pages\/1905\/revisions\/3694"}],"wp:attachment":[{"href":"https:\/\/chantalblanco.cat\/ca\/wp-json\/wp\/v2\/media?parent=1905"}],"curies":[{"name":"wp","href":"https:\/\/api.w.org\/{rel}","templated":true}]}}