{"id":1886,"date":"2023-06-08T09:03:27","date_gmt":"2023-06-08T09:03:27","guid":{"rendered":"https:\/\/chantalblanco.cat\/psicoterapia\/"},"modified":"2023-09-18T11:19:27","modified_gmt":"2023-09-18T11:19:27","slug":"psicoterapia","status":"publish","type":"page","link":"https:\/\/chantalblanco.cat\/ca\/psicoterapia\/","title":{"rendered":"Psicoter\u00e0pia"},"content":{"rendered":"<p>[et_pb_section fb_built=&#8221;1&#8243; disabled_on=&#8221;on|on|off&#8221; _builder_version=&#8221;4.20.4&#8243; _module_preset=&#8221;default&#8221; custom_margin=&#8221;60px||||false|false&#8221; global_colors_info=&#8221;{}&#8221;][et_pb_row column_structure=&#8221;1_2,1_2&#8243; _builder_version=&#8221;4.20.4&#8243; _module_preset=&#8221;default&#8221; width=&#8221;100%&#8221; global_colors_info=&#8221;{}&#8221;][et_pb_column type=&#8221;1_2&#8243; _builder_version=&#8221;4.20.4&#8243; _module_preset=&#8221;default&#8221; global_colors_info=&#8221;{}&#8221;][et_pb_text _builder_version=&#8221;4.20.4&#8243; _module_preset=&#8221;default&#8221; header_2_font_size=&#8221;60px&#8221; width=&#8221;79%&#8221; custom_margin=&#8221;60px|||120px|false|false&#8221; global_colors_info=&#8221;{}&#8221;]<\/p>\n<p><strong>SERVEIS QUE OFEREIXO<\/strong><\/p>\n<h2>Psicoter\u00e0pia<\/h2>\n<p>&nbsp;<\/p>\n<p>El model de la Ter\u00e0pia Breu Estrat\u00e8gica m&#8217;ofereix la possibilitat <strong>d&#8217;intervenir en totes les<\/strong><br \/><strong>etapes del cicle vital<\/strong>. Es centra en com es construeix el problema a trav\u00e9s de les<br \/>solucions intentades disfuncionals, atorgant-li <strong>universalitat<\/strong> a l&#8217;hora d&#8217;intervenir<br \/>i fent que sigui aplicable a multitud de situacions, problemes i trastorns que sorgeixen<br \/>en diferents moments de la vida.<br \/>Per facilitar aquest treball, realitzo ter\u00e0pia tant <strong>presencial com en l\u00ednia.<\/strong><\/p>\n<p><span><\/span><\/p>\n<p><span><\/span><\/p>\n<p><span><\/span><\/p>\n<p><span><\/span><\/p>\n<p>[\/et_pb_text][\/et_pb_column][et_pb_column type=&#8221;1_2&#8243; _builder_version=&#8221;4.20.4&#8243; _module_preset=&#8221;default&#8221; global_colors_info=&#8221;{}&#8221;][et_pb_image src=&#8221;https:\/\/chantalblanco.cat\/wp-content\/uploads\/2023\/06\/Estructura-Sesion-de-psicologia-1-1.jpg&#8221; title_text=&#8221;Estructura-Sesion-de-psicologia (1) (1)&#8221; _builder_version=&#8221;4.20.4&#8243; _module_preset=&#8221;default&#8221; width=&#8221;100%&#8221; max_width=&#8221;100%&#8221; custom_margin=&#8221;-30px||||false|false&#8221; global_colors_info=&#8221;{}&#8221;][\/et_pb_image][et_pb_image src=&#8221;https:\/\/chantalblanco.cat\/wp-content\/uploads\/2023\/06\/icon-psico-verd.svg&#8221; title_text=&#8221;icon-psico-verd&#8221; _builder_version=&#8221;4.20.4&#8243; _module_preset=&#8221;default&#8221; positioning=&#8221;relative&#8221; vertical_offset=&#8221;-95px&#8221; horizontal_offset=&#8221;390px&#8221; custom_margin=&#8221;|0px||0px|false|false&#8221; custom_padding=&#8221;|0px||0px|false|false&#8221; custom_css_main_element=&#8221;width:200px;&#8221; global_colors_info=&#8221;{}&#8221;][\/et_pb_image][\/et_pb_column][\/et_pb_row][\/et_pb_section][et_pb_section fb_built=&#8221;1&#8243; disabled_on=&#8221;off|off|on&#8221; _builder_version=&#8221;4.20.4&#8243; _module_preset=&#8221;default&#8221; custom_margin=&#8221;-140px||||false|false&#8221; global_colors_info=&#8221;{}&#8221;][et_pb_row column_structure=&#8221;1_2,1_2&#8243; _builder_version=&#8221;4.20.4&#8243; _module_preset=&#8221;default&#8221; positioning=&#8221;none&#8221; width=&#8221;100%&#8221; custom_margin=&#8221;70px||-80px||false|false&#8221; global_colors_info=&#8221;{}&#8221;][et_pb_column type=&#8221;1_2&#8243; _builder_version=&#8221;4.20.4&#8243; _module_preset=&#8221;default&#8221; global_colors_info=&#8221;{}&#8221;][et_pb_text _builder_version=&#8221;4.20.4&#8243; _module_preset=&#8221;default&#8221; header_2_font_size=&#8221;60px&#8221; text_orientation=&#8221;center&#8221; width=&#8221;100%&#8221; custom_margin=&#8221;60px||||false|false&#8221; custom_padding=&#8221;|10px||10px|false|true&#8221; global_colors_info=&#8221;{}&#8221;]<strong>SERVEIS QUE OFEREIXO<\/strong><\/p>\n<h2>Psicoter\u00e0pia<\/h2>\n<p>&nbsp;<\/p>\n<p>El model de la Ter\u00e0pia Breu Estrat\u00e8gica m&#8217;ofereix la possibilitat <strong>d&#8217;intervenir en totes les<\/strong><br \/>\n<strong>etapes del cicle vital<\/strong>. Es centra en com es construeix el problema a trav\u00e9s de les<br \/>\nsolucions intentades disfuncionals, atorgant-li <strong>universalitat<\/strong> a l&#8217;hora d&#8217;intervenir<br \/>\ni fent que sigui aplicable a multitud de situacions, problemes i trastorns que sorgeixen<br \/>\nen diferents moments de la vida.<br \/>\nPer facilitar aquest treball, realitzo ter\u00e0pia tant <strong>presencial com en l\u00ednia.<\/strong><\/p>\n<p><span><\/span><\/p>\n<p><span><\/span><\/p>\n<p><span><\/span><\/p>\n<p><span><\/span>[\/et_pb_text][\/et_pb_column][et_pb_column type=&#8221;1_2&#8243; _builder_version=&#8221;4.20.4&#8243; _module_preset=&#8221;default&#8221; global_colors_info=&#8221;{}&#8221;][et_pb_image src=&#8221;https:\/\/chantalblanco.cat\/wp-content\/uploads\/2023\/06\/Estructura-Sesion-de-psicologia-1-1.jpg&#8221; title_text=&#8221;Estructura-Sesion-de-psicologia (1) (1)&#8221; _builder_version=&#8221;4.21.0&#8243; _module_preset=&#8221;default&#8221; custom_margin=&#8221;-30px||||false|false&#8221; hover_enabled=&#8221;0&#8243; global_colors_info=&#8221;{}&#8221; custom_css_main_element_last_edited=&#8221;on|tablet&#8221; custom_css_main_element_tablet=&#8221;display:grid;||place-items:center;&#8221; sticky_enabled=&#8221;0&#8243; custom_css_main_element_phone=&#8221;display:grid;||place-items:center;&#8221;][\/et_pb_image][et_pb_image src=&#8221;https:\/\/chantalblanco.cat\/wp-content\/uploads\/2023\/06\/icon-psico-verd.svg&#8221; title_text=&#8221;icon-psico-verd&#8221; align=&#8221;center&#8221; _builder_version=&#8221;4.20.4&#8243; _module_preset=&#8221;default&#8221; vertical_offset=&#8221;-85px&#8221; horizontal_offset=&#8221;110px&#8221; custom_margin=&#8221;-70px||||false|false&#8221; custom_padding=&#8221;|0px||0px|false|false&#8221; custom_css_main_element=&#8221;width:200px;&#8221; global_colors_info=&#8221;{}&#8221;][\/et_pb_image][\/et_pb_column][\/et_pb_row][\/et_pb_section]<\/p>\n","protected":false},"excerpt":{"rendered":"<p>SERVEIS QUE OFEREIXO Psicoter\u00e0pia &nbsp; El model de la Ter\u00e0pia Breu Estrat\u00e8gica m&#8217;ofereix la possibilitat d&#8217;intervenir en totes lesetapes del cicle vital. Es centra en com es construeix el problema a trav\u00e9s de lessolucions intentades disfuncionals, atorgant-li universalitat a l&#8217;hora d&#8217;interveniri fent que sigui aplicable a multitud de situacions, problemes i trastorns que sorgeixenen diferents [&hellip;]<\/p>\n","protected":false},"author":1,"featured_media":0,"parent":0,"menu_order":0,"comment_status":"closed","ping_status":"closed","template":"","meta":{"_et_pb_use_builder":"on","_et_pb_old_content":"","_et_gb_content_width":"","inline_featured_image":false,"footnotes":""},"class_list":["post-1886","page","type-page","status-publish","hentry"],"yoast_head":"<!-- This site is optimized with the Yoast SEO plugin v27.2 - https:\/\/yoast.com\/product\/yoast-seo-wordpress\/ -->\n<title>Psicoter\u00e0pia - Chantal Blanco<\/title>\n<meta name=\"robots\" content=\"index, follow, max-snippet:-1, max-image-preview:large, max-video-preview:-1\" \/>\n<link rel=\"canonical\" href=\"https:\/\/chantalblanco.cat\/ca\/psicoterapia\/\" \/>\n<meta property=\"og:locale\" content=\"ca_ES\" \/>\n<meta property=\"og:type\" content=\"article\" \/>\n<meta property=\"og:title\" content=\"Psicoter\u00e0pia - Chantal Blanco\" \/>\n<meta property=\"og:description\" content=\"SERVEIS QUE OFEREIXO Psicoter\u00e0pia &nbsp; El model de la Ter\u00e0pia Breu Estrat\u00e8gica m&#039;ofereix la possibilitat d&#039;intervenir en totes lesetapes del cicle vital. Es centra en com es construeix el problema a trav\u00e9s de lessolucions intentades disfuncionals, atorgant-li universalitat a l&#039;hora d&#039;interveniri fent que sigui aplicable a multitud de situacions, problemes i trastorns que sorgeixenen diferents [&hellip;]\" \/>\n<meta property=\"og:url\" content=\"https:\/\/chantalblanco.cat\/ca\/psicoterapia\/\" \/>\n<meta property=\"og:site_name\" content=\"Chantal Blanco\" \/>\n<meta property=\"article:modified_time\" content=\"2023-09-18T11:19:27+00:00\" \/>\n<meta name=\"twitter:card\" content=\"summary_large_image\" \/>\n<meta name=\"twitter:label1\" content=\"Temps estimat de lectura\" \/>\n\t<meta name=\"twitter:data1\" content=\"3 minuts\" \/>\n<script type=\"application\/ld+json\" class=\"yoast-schema-graph\">{\"@context\":\"https:\/\/schema.org\",\"@graph\":[{\"@type\":\"WebPage\",\"@id\":\"https:\/\/chantalblanco.cat\/ca\/psicoterapia\/\",\"url\":\"https:\/\/chantalblanco.cat\/ca\/psicoterapia\/\",\"name\":\"Psicoter\u00e0pia - Chantal Blanco\",\"isPartOf\":{\"@id\":\"https:\/\/chantalblanco.cat\/ca\/#website\"},\"datePublished\":\"2023-06-08T09:03:27+00:00\",\"dateModified\":\"2023-09-18T11:19:27+00:00\",\"breadcrumb\":{\"@id\":\"https:\/\/chantalblanco.cat\/ca\/psicoterapia\/#breadcrumb\"},\"inLanguage\":\"ca\",\"potentialAction\":[{\"@type\":\"ReadAction\",\"target\":[\"https:\/\/chantalblanco.cat\/ca\/psicoterapia\/\"]}]},{\"@type\":\"BreadcrumbList\",\"@id\":\"https:\/\/chantalblanco.cat\/ca\/psicoterapia\/#breadcrumb\",\"itemListElement\":[{\"@type\":\"ListItem\",\"position\":1,\"name\":\"Portada\",\"item\":\"https:\/\/chantalblanco.cat\/ca\/\"},{\"@type\":\"ListItem\",\"position\":2,\"name\":\"Psicoter\u00e0pia\"}]},{\"@type\":\"WebSite\",\"@id\":\"https:\/\/chantalblanco.cat\/ca\/#website\",\"url\":\"https:\/\/chantalblanco.cat\/ca\/\",\"name\":\"Chantal Blanco\",\"description\":\"Terapia Breve Estrat\u00e9gica\",\"potentialAction\":[{\"@type\":\"SearchAction\",\"target\":{\"@type\":\"EntryPoint\",\"urlTemplate\":\"https:\/\/chantalblanco.cat\/ca\/?s={search_term_string}\"},\"query-input\":{\"@type\":\"PropertyValueSpecification\",\"valueRequired\":true,\"valueName\":\"search_term_string\"}}],\"inLanguage\":\"ca\"}]}<\/script>\n<!-- \/ Yoast SEO plugin. -->","yoast_head_json":{"title":"Psicoter\u00e0pia - Chantal Blanco","robots":{"index":"index","follow":"follow","max-snippet":"max-snippet:-1","max-image-preview":"max-image-preview:large","max-video-preview":"max-video-preview:-1"},"canonical":"https:\/\/chantalblanco.cat\/ca\/psicoterapia\/","og_locale":"ca_ES","og_type":"article","og_title":"Psicoter\u00e0pia - Chantal Blanco","og_description":"SERVEIS QUE OFEREIXO Psicoter\u00e0pia &nbsp; El model de la Ter\u00e0pia Breu Estrat\u00e8gica m'ofereix la possibilitat d'intervenir en totes lesetapes del cicle vital. Es centra en com es construeix el problema a trav\u00e9s de lessolucions intentades disfuncionals, atorgant-li universalitat a l'hora d'interveniri fent que sigui aplicable a multitud de situacions, problemes i trastorns que sorgeixenen diferents [&hellip;]","og_url":"https:\/\/chantalblanco.cat\/ca\/psicoterapia\/","og_site_name":"Chantal Blanco","article_modified_time":"2023-09-18T11:19:27+00:00","twitter_card":"summary_large_image","twitter_misc":{"Temps estimat de lectura":"3 minuts"},"schema":{"@context":"https:\/\/schema.org","@graph":[{"@type":"WebPage","@id":"https:\/\/chantalblanco.cat\/ca\/psicoterapia\/","url":"https:\/\/chantalblanco.cat\/ca\/psicoterapia\/","name":"Psicoter\u00e0pia - Chantal Blanco","isPartOf":{"@id":"https:\/\/chantalblanco.cat\/ca\/#website"},"datePublished":"2023-06-08T09:03:27+00:00","dateModified":"2023-09-18T11:19:27+00:00","breadcrumb":{"@id":"https:\/\/chantalblanco.cat\/ca\/psicoterapia\/#breadcrumb"},"inLanguage":"ca","potentialAction":[{"@type":"ReadAction","target":["https:\/\/chantalblanco.cat\/ca\/psicoterapia\/"]}]},{"@type":"BreadcrumbList","@id":"https:\/\/chantalblanco.cat\/ca\/psicoterapia\/#breadcrumb","itemListElement":[{"@type":"ListItem","position":1,"name":"Portada","item":"https:\/\/chantalblanco.cat\/ca\/"},{"@type":"ListItem","position":2,"name":"Psicoter\u00e0pia"}]},{"@type":"WebSite","@id":"https:\/\/chantalblanco.cat\/ca\/#website","url":"https:\/\/chantalblanco.cat\/ca\/","name":"Chantal Blanco","description":"Terapia Breve Estrat\u00e9gica","potentialAction":[{"@type":"SearchAction","target":{"@type":"EntryPoint","urlTemplate":"https:\/\/chantalblanco.cat\/ca\/?s={search_term_string}"},"query-input":{"@type":"PropertyValueSpecification","valueRequired":true,"valueName":"search_term_string"}}],"inLanguage":"ca"}]}},"_links":{"self":[{"href":"https:\/\/chantalblanco.cat\/ca\/wp-json\/wp\/v2\/pages\/1886","targetHints":{"allow":["GET"]}}],"collection":[{"href":"https:\/\/chantalblanco.cat\/ca\/wp-json\/wp\/v2\/pages"}],"about":[{"href":"https:\/\/chantalblanco.cat\/ca\/wp-json\/wp\/v2\/types\/page"}],"author":[{"embeddable":true,"href":"https:\/\/chantalblanco.cat\/ca\/wp-json\/wp\/v2\/users\/1"}],"replies":[{"embeddable":true,"href":"https:\/\/chantalblanco.cat\/ca\/wp-json\/wp\/v2\/comments?post=1886"}],"version-history":[{"count":2,"href":"https:\/\/chantalblanco.cat\/ca\/wp-json\/wp\/v2\/pages\/1886\/revisions"}],"predecessor-version":[{"id":1888,"href":"https:\/\/chantalblanco.cat\/ca\/wp-json\/wp\/v2\/pages\/1886\/revisions\/1888"}],"wp:attachment":[{"href":"https:\/\/chantalblanco.cat\/ca\/wp-json\/wp\/v2\/media?parent=1886"}],"curies":[{"name":"wp","href":"https:\/\/api.w.org\/{rel}","templated":true}]}}